{"id":2,"date":"2023-03-12T18:19:43","date_gmt":"2023-03-12T17:19:43","guid":{"rendered":"http:\/\/jardindelembas.fr\/?page_id=2"},"modified":"2023-03-29T21:19:34","modified_gmt":"2023-03-29T19:19:34","slug":"page-d-exemple","status":"publish","type":"page","link":"https:\/\/jardindelembas.fr\/","title":{"rendered":"Production de fleurs coup\u00e9es et de l\u00e9gumes"},"content":{"rendered":"\n<p>Producteur&nbsp;de&nbsp;fleurs&nbsp;coup\u00e9es&nbsp;et&nbsp;de&nbsp;l\u00e9gumes.&nbsp;Local&nbsp;et&nbsp;de&nbsp;saison !<\/p>\n\n\n\n<p>Situ\u00e9s&nbsp;\u00e0&nbsp;Noyal&nbsp;sur&nbsp;Vilaine,&nbsp;\u00e0&nbsp;15&nbsp;min&nbsp;de&nbsp;Rennes,&nbsp;nous&nbsp;sommes&nbsp;producteurs&nbsp;de&nbsp;fleur et&nbsp;de&nbsp;l\u00e9gumes.&nbsp;<\/p>\n\n\n\n<p>Nous cultivons en pleine terre, sous abri ou en ext\u00e9rieur sans traitements chimiques.<br>Nous&nbsp;commercialisons&nbsp;nos&nbsp;productions&nbsp;de&nbsp;fleurs&nbsp;coup\u00e9es&nbsp;et&nbsp;de&nbsp;l\u00e9gumes&nbsp;sur&nbsp;les&nbsp;march\u00e9s.<br>Au&nbsp;printemps&nbsp;nous&nbsp;vendons&nbsp;\u00e9galement&nbsp;des&nbsp;plants&nbsp;de&nbsp;l\u00e9gumes&nbsp;(tomates,&nbsp;salades,&nbsp;courgettes,&nbsp;concombres&nbsp;etc..)&nbsp;et&nbsp;des&nbsp;plants&nbsp;de&nbsp;fleurs&nbsp;(g\u00e9raniums,&nbsp;plantes&nbsp;\u00e0&nbsp;massif&nbsp;et&nbsp;pour&nbsp;jardini\u00e8res).&nbsp;Nous&nbsp;vendons&nbsp;ces&nbsp;plants&nbsp;issus&nbsp;de&nbsp;notre&nbsp;production&nbsp;sur&nbsp;les&nbsp;march\u00e9s&nbsp;ou&nbsp;\u00e0&nbsp;la&nbsp;ferme&nbsp;(Avril \u00e0 mi-juin).<\/p>\n\n\n\n<div class=\"wp-block-columns is-layout-flex wp-container-core-columns-is-layout-9d6595d7 wp-block-columns-is-layout-flex\">\n<div class=\"wp-block-column is-layout-flow wp-block-column-is-layout-flow\" style=\"flex-basis:100%\">\n<div class=\"wp-block-group\"><div class=\"wp-block-group__inner-container is-layout-constrained wp-block-group-is-layout-constrained\">\n<figure class=\"wp-block-gallery has-nested-images columns-4 wp-block-gallery-1 is-layout-flex wp-block-gallery-is-layout-flex\">\n<figure class=\"wp-block-image size-medium\"><img loading=\"lazy\" decoding=\"async\" width=\"300\" height=\"225\" data-id=\"77\" src=\"http:\/\/jardindelembas.fr\/wp-content\/uploads\/2023\/03\/IMG_20220409_181840-300x225.jpg\" alt=\"\" class=\"wp-image-77\" srcset=\"https:\/\/jardindelembas.fr\/wp-content\/uploads\/2023\/03\/IMG_20220409_181840-300x225.jpg 300w, https:\/\/jardindelembas.fr\/wp-content\/uploads\/2023\/03\/IMG_20220409_181840-1x1.jpg 1w, https:\/\/jardindelembas.fr\/wp-content\/uploads\/2023\/03\/IMG_20220409_181840.jpg 640w\" sizes=\"auto, (max-width: 300px) 100vw, 300px\" \/><\/figure>\n\n\n\n<figure class=\"wp-block-image size-medium\"><img loading=\"lazy\" decoding=\"async\" width=\"300\" height=\"225\" data-id=\"80\" src=\"http:\/\/jardindelembas.fr\/wp-content\/uploads\/2023\/03\/IMG_20220820_080604-300x225.jpg\" alt=\"\" class=\"wp-image-80\" srcset=\"https:\/\/jardindelembas.fr\/wp-content\/uploads\/2023\/03\/IMG_20220820_080604-300x225.jpg 300w, https:\/\/jardindelembas.fr\/wp-content\/uploads\/2023\/03\/IMG_20220820_080604-1024x768.jpg 1024w, https:\/\/jardindelembas.fr\/wp-content\/uploads\/2023\/03\/IMG_20220820_080604-768x576.jpg 768w, https:\/\/jardindelembas.fr\/wp-content\/uploads\/2023\/03\/IMG_20220820_080604-1536x1152.jpg 1536w, https:\/\/jardindelembas.fr\/wp-content\/uploads\/2023\/03\/IMG_20220820_080604-2048x1536.jpg 2048w, https:\/\/jardindelembas.fr\/wp-content\/uploads\/2023\/03\/IMG_20220820_080604-1x1.jpg 1w\" sizes=\"auto, (max-width: 300px) 100vw, 300px\" \/><\/figure>\n\n\n\n<figure class=\"wp-block-image size-medium\"><img loading=\"lazy\" decoding=\"async\" width=\"300\" height=\"225\" data-id=\"84\" src=\"http:\/\/jardindelembas.fr\/wp-content\/uploads\/2023\/03\/IMG_20220423_083802-300x225.jpg\" alt=\"\" class=\"wp-image-84\" srcset=\"https:\/\/jardindelembas.fr\/wp-content\/uploads\/2023\/03\/IMG_20220423_083802-300x225.jpg 300w, https:\/\/jardindelembas.fr\/wp-content\/uploads\/2023\/03\/IMG_20220423_083802-1024x768.jpg 1024w, https:\/\/jardindelembas.fr\/wp-content\/uploads\/2023\/03\/IMG_20220423_083802-768x576.jpg 768w, https:\/\/jardindelembas.fr\/wp-content\/uploads\/2023\/03\/IMG_20220423_083802-1536x1152.jpg 1536w, https:\/\/jardindelembas.fr\/wp-content\/uploads\/2023\/03\/IMG_20220423_083802-2048x1536.jpg 2048w, https:\/\/jardindelembas.fr\/wp-content\/uploads\/2023\/03\/IMG_20220423_083802-1x1.jpg 1w\" sizes=\"auto, (max-width: 300px) 100vw, 300px\" \/><\/figure>\n\n\n\n<figure class=\"wp-block-image size-medium\"><img loading=\"lazy\" decoding=\"async\" width=\"300\" height=\"225\" data-id=\"79\" src=\"http:\/\/jardindelembas.fr\/wp-content\/uploads\/2023\/03\/IMG_20230325_073546-300x225.jpg\" alt=\"\" class=\"wp-image-79\" srcset=\"https:\/\/jardindelembas.fr\/wp-content\/uploads\/2023\/03\/IMG_20230325_073546-300x225.jpg 300w, https:\/\/jardindelembas.fr\/wp-content\/uploads\/2023\/03\/IMG_20230325_073546-1024x768.jpg 1024w, https:\/\/jardindelembas.fr\/wp-content\/uploads\/2023\/03\/IMG_20230325_073546-768x576.jpg 768w, https:\/\/jardindelembas.fr\/wp-content\/uploads\/2023\/03\/IMG_20230325_073546-1536x1152.jpg 1536w, https:\/\/jardindelembas.fr\/wp-content\/uploads\/2023\/03\/IMG_20230325_073546-2048x1536.jpg 2048w, https:\/\/jardindelembas.fr\/wp-content\/uploads\/2023\/03\/IMG_20230325_073546-1x1.jpg 1w\" sizes=\"auto, (max-width: 300px) 100vw, 300px\" \/><\/figure>\n\n\n\n<figure class=\"wp-block-image size-medium\"><img loading=\"lazy\" decoding=\"async\" width=\"300\" height=\"225\" data-id=\"85\" src=\"http:\/\/jardindelembas.fr\/wp-content\/uploads\/2023\/03\/IMG_20230325_073605-300x225.jpg\" alt=\"\" class=\"wp-image-85\" srcset=\"https:\/\/jardindelembas.fr\/wp-content\/uploads\/2023\/03\/IMG_20230325_073605-300x225.jpg 300w, https:\/\/jardindelembas.fr\/wp-content\/uploads\/2023\/03\/IMG_20230325_073605-1024x768.jpg 1024w, https:\/\/jardindelembas.fr\/wp-content\/uploads\/2023\/03\/IMG_20230325_073605-768x576.jpg 768w, https:\/\/jardindelembas.fr\/wp-content\/uploads\/2023\/03\/IMG_20230325_073605-1536x1152.jpg 1536w, https:\/\/jardindelembas.fr\/wp-content\/uploads\/2023\/03\/IMG_20230325_073605-2048x1536.jpg 2048w, https:\/\/jardindelembas.fr\/wp-content\/uploads\/2023\/03\/IMG_20230325_073605-1x1.jpg 1w\" sizes=\"auto, (max-width: 300px) 100vw, 300px\" \/><\/figure>\n\n\n\n<figure class=\"wp-block-image size-medium\"><img loading=\"lazy\" decoding=\"async\" width=\"300\" height=\"225\" data-id=\"86\" src=\"http:\/\/jardindelembas.fr\/wp-content\/uploads\/2023\/03\/IMG_20230325_073645-300x225.jpg\" alt=\"\" class=\"wp-image-86\" srcset=\"https:\/\/jardindelembas.fr\/wp-content\/uploads\/2023\/03\/IMG_20230325_073645-300x225.jpg 300w, https:\/\/jardindelembas.fr\/wp-content\/uploads\/2023\/03\/IMG_20230325_073645-1024x768.jpg 1024w, https:\/\/jardindelembas.fr\/wp-content\/uploads\/2023\/03\/IMG_20230325_073645-768x576.jpg 768w, https:\/\/jardindelembas.fr\/wp-content\/uploads\/2023\/03\/IMG_20230325_073645-1536x1152.jpg 1536w, https:\/\/jardindelembas.fr\/wp-content\/uploads\/2023\/03\/IMG_20230325_073645-2048x1536.jpg 2048w, https:\/\/jardindelembas.fr\/wp-content\/uploads\/2023\/03\/IMG_20230325_073645-1x1.jpg 1w\" sizes=\"auto, (max-width: 300px) 100vw, 300px\" \/><\/figure>\n\n\n\n<figure class=\"wp-block-image size-medium\"><img loading=\"lazy\" decoding=\"async\" width=\"300\" height=\"225\" data-id=\"88\" src=\"http:\/\/jardindelembas.fr\/wp-content\/uploads\/2023\/03\/IMG_20230325_073734-300x225.jpg\" alt=\"\" class=\"wp-image-88\" srcset=\"https:\/\/jardindelembas.fr\/wp-content\/uploads\/2023\/03\/IMG_20230325_073734-300x225.jpg 300w, https:\/\/jardindelembas.fr\/wp-content\/uploads\/2023\/03\/IMG_20230325_073734-1024x768.jpg 1024w, https:\/\/jardindelembas.fr\/wp-content\/uploads\/2023\/03\/IMG_20230325_073734-768x576.jpg 768w, https:\/\/jardindelembas.fr\/wp-content\/uploads\/2023\/03\/IMG_20230325_073734-1536x1152.jpg 1536w, https:\/\/jardindelembas.fr\/wp-content\/uploads\/2023\/03\/IMG_20230325_073734-2048x1536.jpg 2048w, https:\/\/jardindelembas.fr\/wp-content\/uploads\/2023\/03\/IMG_20230325_073734-1x1.jpg 1w\" sizes=\"auto, (max-width: 300px) 100vw, 300px\" \/><\/figure>\n\n\n\n<figure class=\"wp-block-image size-full\"><img loading=\"lazy\" decoding=\"async\" width=\"640\" height=\"480\" data-id=\"73\" src=\"http:\/\/jardindelembas.fr\/wp-content\/uploads\/2023\/03\/IMG_20220409_181050.jpg\" alt=\"\" class=\"wp-image-73\" srcset=\"https:\/\/jardindelembas.fr\/wp-content\/uploads\/2023\/03\/IMG_20220409_181050.jpg 640w, https:\/\/jardindelembas.fr\/wp-content\/uploads\/2023\/03\/IMG_20220409_181050-300x225.jpg 300w, https:\/\/jardindelembas.fr\/wp-content\/uploads\/2023\/03\/IMG_20220409_181050-1x1.jpg 1w\" sizes=\"auto, (max-width: 640px) 100vw, 640px\" \/><\/figure>\n<\/figure>\n<\/div><\/div>\n<\/div>\n<\/div>\n","protected":false},"excerpt":{"rendered":"<p>Producteur&nbsp;de&nbsp;fleurs&nbsp;coup\u00e9es&nbsp;et&nbsp;de&nbsp;l\u00e9gumes.&nbsp;Local&nbsp;et&nbsp;de&nbsp;saison ! Situ\u00e9s&nbsp;\u00e0&nbsp;Noyal&nbsp;sur&nbsp;Vilaine,&nbsp;\u00e0&nbsp;15&nbsp;min&nbsp;de&nbsp;Rennes,&nbsp;nous&nbsp;sommes&nbsp;producteurs&nbsp;de&nbsp;fleur et&nbsp;de&nbsp;l\u00e9gumes.&nbsp; Nous cultivons en pleine terre, sous abri ou en ext\u00e9rieur sans traitements chimiques.Nous&nbsp;commercialisons&nbsp;nos&nbsp;productions&nbsp;de&nbsp;fleurs&nbsp;coup\u00e9es&nbsp;et&nbsp;de&nbsp;l\u00e9gumes&nbsp;sur&nbsp;les&nbsp;march\u00e9s.Au&nbsp;printemps&nbsp;nous&nbsp;vendons&nbsp;\u00e9galement&nbsp;des&nbsp;plants&nbsp;de&nbsp;l\u00e9gumes&nbsp;(tomates,&nbsp;salades,&nbsp;courgettes,&nbsp;concombres&nbsp;etc..)&nbsp;et&nbsp;des&nbsp;plants&nbsp;de&nbsp;fleurs&nbsp;(g\u00e9raniums,&nbsp;plantes&nbsp;\u00e0&nbsp;massif&nbsp;et&nbsp;pour&nbsp;jardini\u00e8res).&nbsp;Nous&nbsp;vendons&nbsp;ces&nbsp;plants&nbsp;issus&nbsp;de&nbsp;notre&nbsp;production&nbsp;sur&nbsp;les&nbsp;march\u00e9s&nbsp;ou&nbsp;\u00e0&nbsp;la&nbsp;ferme&nbsp;(Avril \u00e0 mi-juin).<\/p>\n","protected":false},"author":1,"featured_media":0,"parent":0,"menu_order":0,"comment_status":"closed","ping_status":"open","template":"","meta":{"footnotes":""},"class_list":["post-2","page","type-page","status-publish","hentry"],"_links":{"self":[{"href":"https:\/\/jardindelembas.fr\/index.php\/wp-json\/wp\/v2\/pages\/2","targetHints":{"allow":["GET"]}}],"collection":[{"href":"https:\/\/jardindelembas.fr\/index.php\/wp-json\/wp\/v2\/pages"}],"about":[{"href":"https:\/\/jardindelembas.fr\/index.php\/wp-json\/wp\/v2\/types\/page"}],"author":[{"embeddable":true,"href":"https:\/\/jardindelembas.fr\/index.php\/wp-json\/wp\/v2\/users\/1"}],"replies":[{"embeddable":true,"href":"https:\/\/jardindelembas.fr\/index.php\/wp-json\/wp\/v2\/comments?post=2"}],"version-history":[{"count":14,"href":"https:\/\/jardindelembas.fr\/index.php\/wp-json\/wp\/v2\/pages\/2\/revisions"}],"predecessor-version":[{"id":106,"href":"https:\/\/jardindelembas.fr\/index.php\/wp-json\/wp\/v2\/pages\/2\/revisions\/106"}],"wp:attachment":[{"href":"https:\/\/jardindelembas.fr\/index.php\/wp-json\/wp\/v2\/media?parent=2"}],"curies":[{"name":"wp","href":"https:\/\/api.w.org\/{rel}","templated":true}]}}