{"id":9,"date":"2023-03-19T21:12:01","date_gmt":"2023-03-19T20:12:01","guid":{"rendered":"http:\/\/jardindelembas.fr\/?page_id=9"},"modified":"2023-03-29T21:11:33","modified_gmt":"2023-03-29T19:11:33","slug":"ou-nous-trouver","status":"publish","type":"page","link":"https:\/\/jardindelembas.fr\/index.php\/ou-nous-trouver\/","title":{"rendered":"O\u00f9 nous trouver"},"content":{"rendered":"\n<p><\/p>\n\n\n\n<div class=\"wp-block-columns alignwide is-layout-flex wp-container-core-columns-is-layout-9d6595d7 wp-block-columns-is-layout-flex\">\n<div class=\"wp-block-column has-text-color has-background has-link-color wp-elements-6cdc3ca9ff87eb2a0bafe5858ec08641 is-layout-flow wp-block-column-is-layout-flow\" style=\"color:#000000;background-color:#69b53e91;padding-top:2em;padding-right:2em;padding-bottom:2em;padding-left:2em\">\n<h2 class=\"wp-block-heading has-text-align-left\" id=\"single\" style=\"font-size:30px\"><strong>jeudi<\/strong><\/h2>\n\n\n\n<p class=\"has-normal-font-size\" style=\"line-height:1.5\"><strong>March\u00e9 Jeanne d&rsquo;Arc<\/strong><br>Boulevard Carrel<br>Rennes<\/p>\n\n\n\n<div class=\"wp-block-buttons alignfull is-horizontal is-content-justification-center is-layout-flex wp-container-core-buttons-is-layout-499968f5 wp-block-buttons-is-layout-flex\">\n<div class=\"wp-block-button has-custom-width wp-block-button__width-100\"><a class=\"wp-block-button__link has-white-color has-text-color has-background no-border-radius wp-element-button\" href=\"https:\/\/metropole.rennes.fr\/organisme\/marche-jeanne-darc-4690\" style=\"background-color:#000000\" target=\"_blank\" rel=\"noreferrer noopener\">En savoir plus<\/a><\/div>\n<\/div>\n<\/div>\n\n\n\n<div class=\"wp-block-column has-text-color has-background has-link-color wp-elements-c6342aa27ba710f3c3098724299585b7 is-layout-flow wp-block-column-is-layout-flow\" style=\"color:#000000;background-color:#69b53e91;padding-top:2em;padding-right:2em;padding-bottom:2em;padding-left:2em\">\n<h2 class=\"wp-block-heading has-text-align-left\" id=\"family\" style=\"font-size:30px\"><strong>vendredi<\/strong><\/h2>\n\n\n\n<p class=\"has-normal-font-size\" style=\"line-height:1.5\"><strong>March\u00e9 de Chantepie<\/strong><br>Place de la Mairie<br>Chantepie<\/p>\n\n\n\n<div class=\"wp-block-buttons alignfull is-horizontal is-content-justification-center is-layout-flex wp-container-core-buttons-is-layout-499968f5 wp-block-buttons-is-layout-flex\">\n<div class=\"wp-block-button has-custom-width wp-block-button__width-100 is-style-fill\"><a class=\"wp-block-button__link has-white-color has-text-color has-background no-border-radius wp-element-button\" href=\"https:\/\/chantepie.fr\/vie-economique\/vie-quotidienne\/marche-chantepie\/\" style=\"background-color:#000000\" target=\"_blank\" rel=\"noreferrer noopener\">En savoir plus<\/a><\/div>\n<\/div>\n<\/div>\n<\/div>\n\n\n\n<div class=\"wp-block-columns is-layout-flex wp-container-core-columns-is-layout-9d6595d7 wp-block-columns-is-layout-flex\">\n<div class=\"wp-block-column has-text-color has-background has-link-color wp-elements-e2bbd7684a133054c7ee641c20741136 is-layout-flow wp-block-column-is-layout-flow\" style=\"color:#000000;background-color:#69b53e91;padding-top:2em;padding-right:2em;padding-bottom:2em;padding-left:2em\">\n<h2 class=\"wp-block-heading has-text-align-left\" id=\"patron\" style=\"font-size:30px\"><strong>samedi<\/strong><\/h2>\n\n\n\n<p class=\"has-normal-font-size\"><strong>March\u00e9 des Lices<\/strong><br>Place Saint Michel (devant\u00a0le\u00a0restaurant\u00a0Big\u00a0Fernand)<br>Rennes<\/p>\n\n\n\n<div class=\"wp-block-buttons alignfull is-horizontal is-content-justification-center is-layout-flex wp-container-core-buttons-is-layout-499968f5 wp-block-buttons-is-layout-flex\">\n<div class=\"wp-block-button has-custom-width wp-block-button__width-100\"><a class=\"wp-block-button__link has-white-color has-text-color has-background no-border-radius wp-element-button\" href=\"https:\/\/www.tourisme-rennes.com\/fr\/decouvrir-rennes\/gastronomie\/marche-des-lices-rennes-2\/\" style=\"background-color:#000000\" target=\"_blank\" rel=\"noreferrer noopener\">En savoir plus<\/a><\/div>\n<\/div>\n<\/div>\n\n\n\n<div class=\"wp-block-column has-text-color has-background has-link-color wp-elements-b39c3496f9188ac1dc2bfdb7c6b7d3b1 is-layout-flow wp-block-column-is-layout-flow\" style=\"color:#000000;background-color:#69b53e91;padding-top:2em;padding-right:2em;padding-bottom:2em;padding-left:2em\">\n<h2 class=\"wp-block-heading has-text-align-left\" id=\"patron\" style=\"font-size:30px\"><strong>\u00e0 la ferme<\/strong><\/h2>\n\n\n\n<p class=\"has-normal-font-size\"><strong>de avril \u00e0 mi-juin <\/strong>: <strong>Vente\u00a0de\u00a0plants\u00a0de\u00a0l\u00e9gumes<\/strong><br>Lundi et\u00a0Mardi\u00a0: 9h30-12h\u00a0\/14h30-18h<br>Mercredi,\u00a0Jeudi et\u00a0Vendredi\u00a0: 16h-18h<br><\/p>\n\n\n\n<p class=\"has-normal-font-size\"><strong>Le\u00a0reste\u00a0de\u00a0l&rsquo;ann\u00e9e<\/strong>\u00a0:\u00a0<br>sur\u00a0rendez\u00a0vous\u00a0au\u00a006\u00a088\u00a086\u00a088\u00a060<\/p>\n\n\n\n<div class=\"wp-block-buttons alignfull is-horizontal is-content-justification-center is-layout-flex wp-container-core-buttons-is-layout-499968f5 wp-block-buttons-is-layout-flex\"><\/div>\n<\/div>\n<\/div>\n","protected":false},"excerpt":{"rendered":"<p>jeudi March\u00e9 Jeanne d&rsquo;ArcBoulevard CarrelRennes vendredi March\u00e9 de ChantepiePlace de la MairieChantepie samedi March\u00e9 des LicesPlace Saint Michel (devant\u00a0le\u00a0restaurant\u00a0Big\u00a0Fernand)Rennes \u00e0 la ferme de avril \u00e0 mi-juin : Vente\u00a0de\u00a0plants\u00a0de\u00a0l\u00e9gumesLundi et\u00a0Mardi\u00a0: 9h30-12h\u00a0\/14h30-18hMercredi,\u00a0Jeudi et\u00a0Vendredi\u00a0: 16h-18h Le\u00a0reste\u00a0de\u00a0l&rsquo;ann\u00e9e\u00a0:\u00a0sur\u00a0rendez\u00a0vous\u00a0au\u00a006\u00a088\u00a086\u00a088\u00a060<\/p>\n","protected":false},"author":1,"featured_media":0,"parent":0,"menu_order":0,"comment_status":"closed","ping_status":"closed","template":"","meta":{"footnotes":""},"class_list":["post-9","page","type-page","status-publish","hentry"],"_links":{"self":[{"href":"https:\/\/jardindelembas.fr\/index.php\/wp-json\/wp\/v2\/pages\/9","targetHints":{"allow":["GET"]}}],"collection":[{"href":"https:\/\/jardindelembas.fr\/index.php\/wp-json\/wp\/v2\/pages"}],"about":[{"href":"https:\/\/jardindelembas.fr\/index.php\/wp-json\/wp\/v2\/types\/page"}],"author":[{"embeddable":true,"href":"https:\/\/jardindelembas.fr\/index.php\/wp-json\/wp\/v2\/users\/1"}],"replies":[{"embeddable":true,"href":"https:\/\/jardindelembas.fr\/index.php\/wp-json\/wp\/v2\/comments?post=9"}],"version-history":[{"count":13,"href":"https:\/\/jardindelembas.fr\/index.php\/wp-json\/wp\/v2\/pages\/9\/revisions"}],"predecessor-version":[{"id":99,"href":"https:\/\/jardindelembas.fr\/index.php\/wp-json\/wp\/v2\/pages\/9\/revisions\/99"}],"wp:attachment":[{"href":"https:\/\/jardindelembas.fr\/index.php\/wp-json\/wp\/v2\/media?parent=9"}],"curies":[{"name":"wp","href":"https:\/\/api.w.org\/{rel}","templated":true}]}}